{"id":25,"date":"2024-03-25T06:51:07","date_gmt":"2024-03-25T06:51:07","guid":{"rendered":"https:\/\/arztgemeinschaft.at\/?page_id=25"},"modified":"2026-04-16T12:38:04","modified_gmt":"2026-04-16T12:38:04","slug":"impressum","status":"publish","type":"page","link":"https:\/\/arztgemeinschaft.at\/?page_id=25","title":{"rendered":"Impressum"},"content":{"rendered":"\n<p><strong>Dr. Michaela Moser<\/strong> <strong>&amp; Dr. Benjamin Dreyfuss<\/strong> <\/p>\n\n\n\n<p><strong>\u00c4rzte f\u00fcr Allgemeinmedizin<\/strong><\/p>\n\n\n\n<p>Raimundgasse 1\/1\/2<br>1020 Wien<br><br>Telefon: <strong>01 \/ 214 66 10<\/strong><\/p>\n\n\n\n<p>E-Mail <strong><mark style=\"background-color:rgba(0, 0, 0, 0)\" class=\"has-inline-color has-contrast-color\">f\u00fcr Patienten<\/mark><\/strong>: <a href=\"mailto:patient@arztgemeinschaft.at\">patient@arztgemeinschaft.at<\/a><\/p>\n\n\n\n<p>\u00c4rztekammer Wien<\/p>\n\n\n\n<p>Rechtshinweis: Alle Angaben unseres Internet-Angebots wurden sorgf\u00e4ltig recherchiert und gepr\u00fcft. Wir bem\u00fchen uns, dieses Informationsangebot stetig zu erweitern und zu aktualisieren.\u2028Eine Garantie f\u00fcr die Vollst\u00e4ndigkeit, Richtigkeit und letzte Aktualit\u00e4t kann jedoch nicht \u00fcbernommen werden.\u2028Des weiteren behalten wir uns das Recht vor, \u00c4nderungen oder Erg\u00e4nzungen der bereitgestellten Informationen vorzunehmen.\u2028Der Herausgeber identifiziert sich nicht mit dem Inhalt der Seiten auf die gelinkt wird, und \u00fcbernimmt daf\u00fcr auch keine Haftung.<\/p>\n\n\n\n<p>Copyright: Alle Rechte vorbehalten.\u2028Inhalt und Struktur sowie die auf der Website verwendeten Texte, Bilder, Grafiken, Dateien usw. unterliegen dem Urheberrecht und anderen Gesetzen zum Schutz des geistigen Eigentums. Ihre Weitergabe, Ver\u00e4nderung, gewerbliche Nutzung oder Verwendung in anderen Websites oder Medien ist nicht gestattet bzw. bedarf&nbsp; ausschlie\u00dflich unserer vorherigen Zustimmung.<\/p>\n","protected":false},"excerpt":{"rendered":"<p>Dr. Michaela Moser &amp; Dr. Benjamin Dreyfuss \u00c4rzte f\u00fcr Allgemeinmedizin Raimundgasse 1\/1\/21020 Wien Telefon: 01 \/ 214 66 10 E-Mail f\u00fcr Patienten: patient@arztgemeinschaft.at \u00c4rztekammer Wien Rechtshinweis: Alle Angaben unseres Internet-Angebots wurden sorgf\u00e4ltig recherchiert und gepr\u00fcft. Wir bem\u00fchen uns, dieses Informationsangebot stetig zu erweitern und zu aktualisieren.\u2028Eine Garantie f\u00fcr die Vollst\u00e4ndigkeit, Richtigkeit und letzte Aktualit\u00e4t kann [&hellip;]<\/p>\n","protected":false},"author":1,"featured_media":0,"parent":0,"menu_order":5,"comment_status":"closed","ping_status":"closed","template":"","meta":{"footnotes":""},"class_list":["post-25","page","type-page","status-publish","hentry"],"_links":{"self":[{"href":"https:\/\/arztgemeinschaft.at\/index.php?rest_route=\/wp\/v2\/pages\/25","targetHints":{"allow":["GET"]}}],"collection":[{"href":"https:\/\/arztgemeinschaft.at\/index.php?rest_route=\/wp\/v2\/pages"}],"about":[{"href":"https:\/\/arztgemeinschaft.at\/index.php?rest_route=\/wp\/v2\/types\/page"}],"author":[{"embeddable":true,"href":"https:\/\/arztgemeinschaft.at\/index.php?rest_route=\/wp\/v2\/users\/1"}],"replies":[{"embeddable":true,"href":"https:\/\/arztgemeinschaft.at\/index.php?rest_route=%2Fwp%2Fv2%2Fcomments&post=25"}],"version-history":[{"count":6,"href":"https:\/\/arztgemeinschaft.at\/index.php?rest_route=\/wp\/v2\/pages\/25\/revisions"}],"predecessor-version":[{"id":1811,"href":"https:\/\/arztgemeinschaft.at\/index.php?rest_route=\/wp\/v2\/pages\/25\/revisions\/1811"}],"wp:attachment":[{"href":"https:\/\/arztgemeinschaft.at\/index.php?rest_route=%2Fwp%2Fv2%2Fmedia&parent=25"}],"curies":[{"name":"wp","href":"https:\/\/api.w.org\/{rel}","templated":true}]}}