{"id":23,"date":"2024-03-25T06:30:21","date_gmt":"2024-03-25T06:30:21","guid":{"rendered":"https:\/\/arztgemeinschaft.at\/?page_id=23"},"modified":"2026-04-16T12:37:00","modified_gmt":"2026-04-16T12:37:00","slug":"leistungen","status":"publish","type":"page","link":"https:\/\/arztgemeinschaft.at\/?page_id=23","title":{"rendered":"Leistungen"},"content":{"rendered":"\n<ul class=\"wp-block-list\">\n<li>Vorsorge-\/ Gesundenuntersuchungen<\/li>\n\n\n\n<li>EKG &#8211; Herz-Kreislauf Diagnostik<\/li>\n\n\n\n<li>Laborleistungen ( Labor vor Ort )<\/li>\n\n\n\n<li>Infusionen &#8211; Schmerz-, Eisen- und VItamininfusionen<\/li>\n\n\n\n<li>Infiltrationen<\/li>\n\n\n\n<li>Notfallmedizin\/Erstversorgung <\/li>\n\n\n\n<li>Langfristige Betreuung (z. B. Diabetes, Hypertonie) mit Individuelle Therapieanpassung und regelm\u00e4\u00dfige Kontrollen<\/li>\n\n\n\n<li>Rezept Bestellungen On-Line, telefonisch (au\u00dferhalb der \u00d6ffnungszeiten) und \u00fcber Mail<\/li>\n\n\n\n<li>Befunde \u00fcber E-Mail<\/li>\n\n\n\n<li>Impfungen\/ Impfberatung<\/li>\n\n\n\n<li>Schmerztherapien<\/li>\n\n\n\n<li>Verbandswechsel<\/li>\n\n\n\n<li>Mutter-Kind Pass Untersuchungen<\/li>\n\n\n\n<li>Atteste<\/li>\n<\/ul>\n\n\n\n<p style=\"text-decoration:underline\">PRIVATLEISTUNGEN:<\/p>\n\n\n\n<p><br><mark>IMMUNBOOSTER <\/mark>Infusion &#8211; <strong>Immunst\u00e4rkende Infusionstherapie bei erh\u00f6hter Infektanf\u00e4lligkeit und geschw\u00e4chtem Immunsystem<\/strong><\/p>\n\n\n\n<p><br><mark>ENERGYBOOSTER <\/mark>Infusion &#8211; <strong>Energieaufbauende Infusionstherapie bei M\u00fcdigkeit und Ersch\u00f6pfung<\/strong><\/p>\n\n\n\n<p><mark>PRX33 + PRX-PLUS<\/mark> &#8211; Biorevitalisierendes Hautpeeling<\/p>\n\n\n\n<p><br><mark>BOTOX <\/mark><\/p>\n\n\n\n<p>F\u00fcr weitere Informationen wenden Sie sich bitte an unser Rezeptionsteam unter der Telefonnummer 01 \/ 214 66 10 oder sprechen Sie direkt mit einer unserer \u00c4rztinnen oder einem unserer \u00c4rzte.<\/p>\n\n\n\n<p><\/p>\n","protected":false},"excerpt":{"rendered":"<p>PRIVATLEISTUNGEN: IMMUNBOOSTER Infusion &#8211; Immunst\u00e4rkende Infusionstherapie bei erh\u00f6hter Infektanf\u00e4lligkeit und geschw\u00e4chtem Immunsystem ENERGYBOOSTER Infusion &#8211; Energieaufbauende Infusionstherapie bei M\u00fcdigkeit und Ersch\u00f6pfung PRX33 + PRX-PLUS &#8211; Biorevitalisierendes Hautpeeling BOTOX F\u00fcr weitere Informationen wenden Sie sich bitte an unser Rezeptionsteam unter der Telefonnummer 01 \/ 214 66 10 oder sprechen Sie direkt mit einer unserer \u00c4rztinnen oder [&hellip;]<\/p>\n","protected":false},"author":1,"featured_media":0,"parent":0,"menu_order":4,"comment_status":"closed","ping_status":"closed","template":"","meta":{"footnotes":""},"class_list":["post-23","page","type-page","status-publish","hentry"],"_links":{"self":[{"href":"https:\/\/arztgemeinschaft.at\/index.php?rest_route=\/wp\/v2\/pages\/23","targetHints":{"allow":["GET"]}}],"collection":[{"href":"https:\/\/arztgemeinschaft.at\/index.php?rest_route=\/wp\/v2\/pages"}],"about":[{"href":"https:\/\/arztgemeinschaft.at\/index.php?rest_route=\/wp\/v2\/types\/page"}],"author":[{"embeddable":true,"href":"https:\/\/arztgemeinschaft.at\/index.php?rest_route=\/wp\/v2\/users\/1"}],"replies":[{"embeddable":true,"href":"https:\/\/arztgemeinschaft.at\/index.php?rest_route=%2Fwp%2Fv2%2Fcomments&post=23"}],"version-history":[{"count":10,"href":"https:\/\/arztgemeinschaft.at\/index.php?rest_route=\/wp\/v2\/pages\/23\/revisions"}],"predecessor-version":[{"id":1810,"href":"https:\/\/arztgemeinschaft.at\/index.php?rest_route=\/wp\/v2\/pages\/23\/revisions\/1810"}],"wp:attachment":[{"href":"https:\/\/arztgemeinschaft.at\/index.php?rest_route=%2Fwp%2Fv2%2Fmedia&parent=23"}],"curies":[{"name":"wp","href":"https:\/\/api.w.org\/{rel}","templated":true}]}}