{"id":12,"date":"2024-03-23T08:43:18","date_gmt":"2024-03-23T08:43:18","guid":{"rendered":"https:\/\/arztgemeinschaft.at\/?page_id=12"},"modified":"2026-04-01T07:26:34","modified_gmt":"2026-04-01T07:26:34","slug":"start","status":"publish","type":"page","link":"https:\/\/arztgemeinschaft.at\/","title":{"rendered":"Startseite"},"content":{"rendered":"\n<p><\/p>\n\n\n\n<p class=\"has-text-align-center paragraphwithborder has-medium-font-size\" style=\"border-width:3px\"><strong>Dr. Michaela Moser<\/strong> <strong>und Dr. Benjamin Dreyfuss &#8211; \u00c4rzte f\u00fcr Allgemeinmedizin OG<\/strong><\/p>\n\n\n\n<p><\/p>\n\n\n\n<p class=\"has-text-align-left\" id=\"news\"><strong>News:<\/strong> <\/p>\n\n\n\n<p class=\"has-text-align-left has-border-color has-contrast-border-color has-text-color has-link-color has-medium-font-size wp-elements-48e3baab728ffbad4c56b29897709c83\" id=\"news\" style=\"border-width:2px;color:#518700\">Es sind <strong>keine Terminvereinbarungen notwendig jedoch m\u00f6glich &#8211; damit Sie besser planen k\u00f6nnen und in akuten F\u00e4llen bei Ihrem Hausarzt sicher aufgenommen werden! <\/strong>Besuchen Sie bitte einfach die Ordination zu den unten angef\u00fchrten \u00d6ffnungszeiten. Annahmeschluss ist 30 Minuten vor der Schlie\u00dfung.<\/p>\n\n\n\n<p class=\"has-border-color has-contrast-border-color has-text-color has-link-color has-medium-font-size wp-elements-c6005720d00fccab6948c65930d3695b\" style=\"border-width:2px;color:#870009e3\"><strong>Aktion f\u00fcr Immun- und Vitalinfusionen sowie Energybooster<\/strong><\/p>\n\n\n\n<p class=\"has-border-color has-contrast-border-color has-text-color has-link-color has-medium-font-size wp-elements-bd349461af2e7c8d4e91a8b468fa0f53\" id=\"news\" style=\"border-width:2px;color:#518700\">Jetzt <strong>Blutabnahme Mo und Do von 7:00 bis 9:00 Uhr ohne Voranmeldung m\u00f6glich!<\/strong> Sonst bitte Termin vereinbaren. Danke<\/p>\n\n\n\n<p class=\"has-border-color has-contrast-border-color has-text-color has-link-color has-medium-font-size wp-elements-51b9afb6e6bf3afe8e8fd0d7587f06ff\" id=\"news\" style=\"border-width:2px;color:#518700\">Noch weniger warten: <strong>Rezepte anfordern &gt; <a href=\"https:\/\/arztgemeinschaft.at\/?page_id=127\" data-type=\"page\" data-id=\"127\">Online Rezept<\/a><\/strong> beantragen<\/p>\n\n\n\n<div class=\"wp-block-group has-global-padding is-layout-constrained wp-block-group-is-layout-constrained\">\n<div class=\"wp-block-group has-global-padding is-layout-constrained wp-block-group-is-layout-constrained\" style=\"border-width:2px\">\n<p class=\"has-text-color has-link-color wp-elements-c5ec92d22e6d86e2097e7980d5f46fc2\" style=\"color:#297b01\">Generelle Kontaktadresse<strong> f\u00fcr Patienten<\/strong> f\u00fcr folgende Leistungen (auch f\u00fcr Rezepte):<\/p>\n\n\n\n<ul class=\"wp-block-list\">\n<li>Zusendung von Laborbefunden<\/li>\n\n\n\n<li>Rezeptbestellungen (nur Dauermedikamente)<\/li>\n\n\n\n<li>Bestellung und \u00dcbermittlung von \u00dcberweisungen, Verordnungen, Kurantr\u00e4gen und R\u00f6ntgenzuweisungen (\u00e4rztlich verordnet)<\/li>\n<\/ul>\n\n\n\n<p class=\"has-text-color has-link-color wp-elements-8dc191b2307b4a4a44de35d917d45e5b\" style=\"color:#002687\"><a href=\"mailto:patient@arztgemeinschaft.at\">patient@arztgemeinschaft.at<\/a><\/p>\n\n\n\n<p class=\"has-contrast-color has-text-color has-link-color wp-elements-1c58b9ec8f9f2c4b91b7dbe42a376e78\">Wir bitten h\u00f6flichst <strong>1 Mal pro Monat<\/strong> um Vorstellung mit der <strong>E-Card<\/strong>, &nbsp;da sonst keine Informationen auf ELGA gespeichert werden k\u00f6nnen, und somit wertvolle Informationen \u00fcber einen Patienten verloren gehen.<\/p>\n<\/div>\n<\/div>\n\n\n\n<div class=\"wp-block-group has-global-padding is-layout-constrained wp-block-group-is-layout-constrained\">\n<div class=\"wp-block-group has-global-padding is-layout-constrained wp-block-group-is-layout-constrained\">\n<p class=\"has-text-align-left borderedtext\" id=\"telefonnummer\" style=\"border-width:2px\"><strong>Telefon<\/strong>: <br>01 214 66 10<\/p>\n\n\n\n<p class=\"has-text-align-left borderedtext\" id=\"anschrift\" style=\"border-width:2px\"><strong>Adresse:<\/strong> <br>Raimundgasse 1\/1\/2 (1. Stock, Barrierefrei)<br>1020 Wien<\/p>\n<\/div>\n<\/div>\n\n\n\n<figure id=\"\u00f6ffnungszeiten\" class=\"wp-block-table\"><table style=\"border-width:2px\"><thead><tr><th class=\"has-text-align-left\" data-align=\"left\">\u00d6ffnungszeiten<\/th><th class=\"has-text-align-right\" data-align=\"right\">von<\/th><th class=\"has-text-align-right\" data-align=\"right\">bis<\/th><\/tr><\/thead><tbody><tr><td class=\"has-text-align-left\" data-align=\"left\">Montag<\/td><td class=\"has-text-align-right\" data-align=\"right\">7:00<\/td><td class=\"has-text-align-right\" data-align=\"right\">13:00<\/td><\/tr><tr><td class=\"has-text-align-left\" data-align=\"left\">Dienstag<\/td><td class=\"has-text-align-right\" data-align=\"right\">14:00<\/td><td class=\"has-text-align-right\" data-align=\"right\">20:00<\/td><\/tr><tr><td class=\"has-text-align-left\" data-align=\"left\">Mittwoch<\/td><td class=\"has-text-align-right\" data-align=\"right\">10:00<\/td><td class=\"has-text-align-right\" data-align=\"right\">16:00<\/td><\/tr><tr><td class=\"has-text-align-left\" data-align=\"left\">Donnerstag<\/td><td class=\"has-text-align-right\" data-align=\"right\">7:00<\/td><td class=\"has-text-align-right\" data-align=\"right\">13:00<\/td><\/tr><tr><td class=\"has-text-align-left\" data-align=\"left\">Freitag<\/td><td class=\"has-text-align-right\" data-align=\"right\">8:00<\/td><td class=\"has-text-align-right\" data-align=\"right\">14:00<\/td><\/tr><\/tbody><\/table><\/figure>\n\n\n\n<p><\/p>\n\n\n\n<p class=\"has-contrast-3-background-color has-background has-medium-font-size\"><a href=\"https:\/\/arztgemeinschaft.at\/?page_id=127\" data-type=\"page\" data-id=\"127\">Online Rezept<\/a> beantragen<\/p>\n\n\n\n<p><\/p>\n\n\n\n<p id=\"plan\"><strong>Plan<\/strong>:<\/p>\n\n\n\n<p class=\"has-text-align-center\"><iframe src=\"https:\/\/www.google.com\/maps\/embed?pb=!1m18!1m12!1m3!1d1580.6532277472916!2d16.374575098643152!3d48.21949548160734!2m3!1f0!2f0!3f0!3m2!1i1024!2i768!4f13.1!3m3!1m2!1s0x476d07a588b6e081%3A0x88200a547fd2b293!2sRaimundgasse%201%2C%201020%20Wien!5e0!3m2!1sde!2sat!4v1711346036106!5m2!1sde!2sat\" width=\"600\" height=\"450\" style=\"border:0;\" allowfullscreen=\"\" loading=\"lazy\" referrerpolicy=\"no-referrer-when-downgrade\"><\/iframe><\/p>\n\n\n\n<p><\/p>\n","protected":false},"excerpt":{"rendered":"<p>Dr. Michaela Moser und Dr. Benjamin Dreyfuss &#8211; \u00c4rzte f\u00fcr Allgemeinmedizin OG News: Es sind keine Terminvereinbarungen notwendig jedoch m\u00f6glich &#8211; damit Sie besser planen k\u00f6nnen und in akuten F\u00e4llen bei Ihrem Hausarzt sicher aufgenommen werden! Besuchen Sie bitte einfach die Ordination zu den unten angef\u00fchrten \u00d6ffnungszeiten. Annahmeschluss ist 30 Minuten vor der Schlie\u00dfung. Aktion [&hellip;]<\/p>\n","protected":false},"author":1,"featured_media":0,"parent":0,"menu_order":1,"comment_status":"closed","ping_status":"closed","template":"","meta":{"footnotes":""},"class_list":["post-12","page","type-page","status-publish","hentry"],"_links":{"self":[{"href":"https:\/\/arztgemeinschaft.at\/index.php?rest_route=\/wp\/v2\/pages\/12","targetHints":{"allow":["GET"]}}],"collection":[{"href":"https:\/\/arztgemeinschaft.at\/index.php?rest_route=\/wp\/v2\/pages"}],"about":[{"href":"https:\/\/arztgemeinschaft.at\/index.php?rest_route=\/wp\/v2\/types\/page"}],"author":[{"embeddable":true,"href":"https:\/\/arztgemeinschaft.at\/index.php?rest_route=\/wp\/v2\/users\/1"}],"replies":[{"embeddable":true,"href":"https:\/\/arztgemeinschaft.at\/index.php?rest_route=%2Fwp%2Fv2%2Fcomments&post=12"}],"version-history":[{"count":107,"href":"https:\/\/arztgemeinschaft.at\/index.php?rest_route=\/wp\/v2\/pages\/12\/revisions"}],"predecessor-version":[{"id":1707,"href":"https:\/\/arztgemeinschaft.at\/index.php?rest_route=\/wp\/v2\/pages\/12\/revisions\/1707"}],"wp:attachment":[{"href":"https:\/\/arztgemeinschaft.at\/index.php?rest_route=%2Fwp%2Fv2%2Fmedia&parent=12"}],"curies":[{"name":"wp","href":"https:\/\/api.w.org\/{rel}","templated":true}]}}